{"id":8722,"date":"2025-11-28T12:08:54","date_gmt":"2025-11-28T17:08:54","guid":{"rendered":"https:\/\/hyliaeditores.com\/?page_id=8722"},"modified":"2025-11-28T12:12:48","modified_gmt":"2025-11-28T17:12:48","slug":"politica-de-privacidad","status":"publish","type":"page","link":"https:\/\/hyliaeditores.com\/index.php\/politica-de-privacidad\/","title":{"rendered":"Pol\u00edtica de privacidad"},"content":{"rendered":"\t\t<div data-elementor-type=\"wp-page\" data-elementor-id=\"8722\" class=\"elementor elementor-8722\" data-elementor-post-type=\"page\">\n\t\t\t\t<div class=\"elementor-element elementor-element-fb1ac64 e-flex e-con-boxed e-con e-parent\" data-id=\"fb1ac64\" data-element_type=\"container\" data-settings=\"{&quot;background_background&quot;:&quot;classic&quot;,&quot;shape_divider_bottom&quot;:&quot;lqd-custom-shape-8&quot;}\">\n\t\t\t\t\t<div class=\"e-con-inner\">\n\t\t\t\t<div class=\"elementor-shape elementor-shape-bottom\" aria-hidden=\"true\" data-negative=\"false\">\n\t\t\t<svg class=\"lqd-custom-shape\" xmlns=\"http:\/\/www.w3.org\/2000\/svg\" viewBox=\"0 0 1440 100\" preserveAspectRatio=\"none\">\n    <path class=\"elementor-shape-fill\" id=\"Row_Separator\" data-name=\"Row Separator\" d=\"M1440,0Q1080,99,720,99T0,0V100H1440Z\" \/>\n<\/svg>\t\t<\/div>\n\t\t\t\t<div class=\"elementor-element elementor-element-a7bb6e9 elementor-widget elementor-widget-hub_fancy_heading\" data-id=\"a7bb6e9\" data-element_type=\"widget\" data-widget_type=\"hub_fancy_heading.default\">\n\t\t\t\t<div class=\"elementor-widget-container\">\n\t\t\t\t\t\n\t\t<div id=\"ld-fancy-heading-69e254e5052cb\" class=\"ld-fancy-heading pos-rel\">\n\t\t\t<h1 class=\"ld-fh-element d-inline-block pos-rel  elementor-heading-title lqd-highlight-classic lqd-highlight-grow-left h1\"  > POL\u00cdTICA DE TRATAMIENTO DE DATOS PERSONALES<\/h1>\t\t<\/div>\n\n\t\t\t\t\t\t<\/div>\n\t\t\t\t<\/div>\n\t\t\t\t<div class=\"elementor-element elementor-element-ab5e35e elementor-widget elementor-widget-hub_fancy_heading\" data-id=\"ab5e35e\" data-element_type=\"widget\" data-widget_type=\"hub_fancy_heading.default\">\n\t\t\t\t<div class=\"elementor-widget-container\">\n\t\t\t\t\t\n\t\t<div id=\"ld-fancy-heading-69e254e50627d\" class=\"ld-fancy-heading pos-rel\">\n\t\t\t<p class=\"ld-fh-element d-inline-block pos-rel  lqd-highlight-classic lqd-highlight-grow-left p\"  > HYLIA EDITORES S.A.S.<\/p>\t\t<\/div>\n\n\t\t\t\t\t\t<\/div>\n\t\t\t\t<\/div>\n\t\t\t\t\t<\/div>\n\t\t\t\t<\/div>\n\t\t<div class=\"elementor-element elementor-element-7b3f2e8 e-flex e-con-boxed e-con e-parent\" data-id=\"7b3f2e8\" data-element_type=\"container\">\n\t\t\t\t\t<div class=\"e-con-inner\">\n\t\t\t\t<div class=\"elementor-element elementor-element-13b2d67 elementor-widget elementor-widget-text-editor\" data-id=\"13b2d67\" data-element_type=\"widget\" data-widget_type=\"text-editor.default\">\n\t\t\t\t\t\t\t\t\t<p><b>Art\u00edculo 1. <\/b>Alcance: La Pol\u00edtica de Tratamiento de Informaci\u00f3n Personal se aplicar\u00e1 a todas las Bases de Datos y\/o Archivos que contengan datos personales y que sean objeto de tratamiento por parte de HYLIA EDITORES S.A.S., considerado como responsable y\/o Encargado del tratamiento de los datos personales.<\/p>\n<p><b>Art\u00edculo 2. <\/b>Responsable del Tratamiento. Con sujeci\u00f3n a lo dispuesto por el decreto 1074 de 2015, el responsable por el tratamiento de datos es HYLIA EDITORES S.A.S., sociedad por acciones simplificada domiciliada en Colombia, identificada con NIT 901971247-6, tel\u00e9fonos +573009706886 y +573123902843, correo electr\u00f3nico hyliaeditores@gmail.com.<\/p>\n<p>A<b>rt\u00edculo 3.<\/b> Normatividad Aplicable. Son normas aplicables la Ley 1581 de 2012, &nbsp;Decreto 1377 de 2013 y normatividad af\u00edn de la Rep\u00fablica de Colombia y la Decisi\u00f3n Andina 351 de 1993.<\/p>\n<p><b>Art\u00edculo 4. <\/b>Autorizaci\u00f3n: En atenci\u00f3n a lo dispuesto por el Art\u00edculo 9 de la Ley 1581 de 2012, HYLIA EDITORES S.A.S. solicitar\u00e1 autorizaci\u00f3n de tratamiento de informaci\u00f3n a los titulares de los datos personales que se recolecten. Dicha solicitud se efectuar\u00e1 de manera previa, expresa, informada, o por conducta inequ\u00edvoca. Lo anterior, sin perjuicio de lo establecido por el art\u00edculo 10 de la Ley 1581 de 2012.<\/p>\n<p>Solamente se recolectar\u00e1n datos personales relacionados con el nombre, n\u00famero de identificaci\u00f3n, direcci\u00f3n f\u00edsica y electr\u00f3nica, pa\u00eds de domicilio y n\u00famero telef\u00f3nico de los titulares de la informaci\u00f3n.<\/p>\n<p><b>Art\u00edculo 5. <\/b>Finalidades del tratamiento: Los datos que se recolectan solamente ser\u00e1n utilizados para la gesti\u00f3n de procesos editoriales, comunicaci\u00f3n con los titulares de la informaci\u00f3n, labores de gesti\u00f3n contractual y legal, obligaciones tributarias, PQR y seguridad.<\/p>\n<p>Cualquier otro tipo de uso no enlistado en el presente art\u00edculo o que no se enmarque en las disposiciones legales correspondientes, ser\u00e1 informado al titular de la informaci\u00f3n, salvo las excepciones contenidas en el art\u00edculo 10 de la Ley 1581 de 2012.<\/p>\n<p><b>Art\u00edculo 6.<\/b> Excepciones legales: En atenci\u00f3n a lo dispuesto por el art\u00edculo 10 de la Ley 1581 de 2012, no habr\u00e1 lugar a la solicitud de tratamiento de datos personales en los siguientes supuestos:<\/p>\n<ol>\n<li>a) Cuando se traten de datos de naturaleza p\u00fablica.<\/li>\n<li>b) Casos de urgencia m\u00e9dica o sanitaria.<\/li>\n<li>c) Tratamiento e informaci\u00f3n autorizada por la ley para fines hist\u00f3ricos, estad\u00edsticos o cient\u00edficos.<\/li>\n<li>d) Cuando verse sobre datos relacionados con el registro civil de las personas.<\/li>\n<li>e) Cuando sea informaci\u00f3n requerida por una entidad p\u00fablica o administrativa en ejercicio de sus funciones legales o por orden judicial; previa justificaci\u00f3n del v\u00ednculo entre la necesidad de obtener el dato y el cumplimiento de sus funciones constitucionales o legales.<\/li>\n<\/ol>\n<p>Toda informaci\u00f3n de car\u00e1cter personal que sea entregada en cumplimiento de las disposiciones legales que rigen sobre la materia implica el deber de su protecci\u00f3n para el receptor de los datos.<\/p>\n<p><b>Art\u00edculo 7. <\/b>El titular de la informaci\u00f3n podr\u00e1 autorizar su entrega a terceros, siempre que dicha autorizaci\u00f3n conste de manera expresa e inequ\u00edvoca, se ejerza de manera directa o por medio de apoderado, autorizaci\u00f3n en la cual deber\u00e1 indicar su nombre completo, copia de su documento de identidad, nombre completo, n\u00famero de identificaci\u00f3n y copia del documento de identidad del tercero a que autoriza la entrega de sus datos personales, la lista de los datos personales que autoriza entregar, manifestaci\u00f3n clara y expresa de su voluntad de entregar al tercero sus datos personales y poder especial o general que acredite la calidad de su apoderado, de ser del caso.<\/p>\n<p>A<b>rt\u00edculo 8. <\/b>Derechos del Titular: El titular de los datos personales cuya protecci\u00f3n se cobija mediante la presente pol\u00edtica tendr\u00e1 en todo tiempo derecho a conocer, actualizar, rectificar, solicitar prueba de autorizaci\u00f3n, ser informado respecto del uso de sus datos personales, acudir ante la SIC en caso de que estime vulnerados los derechos de que sea titular y que est\u00e9n expresamente consagrados en la Ley 1581 de 2012, as\u00ed como para revocar la autorizaci\u00f3n de tratamiento de datos personales que haya otorgado y ordenar la supresi\u00f3n de los mismos.<\/p>\n<p>La solicitud de supresi\u00f3n de datos personales no ser\u00e1 procedente cuando medie deber legal o contractual que imponga su conservaci\u00f3n dentro de las bases de datos de <b>HYLIA EDITORES S.A.S.<\/b><\/p>\n<p>A<b>rt\u00edculo 9. <\/b>Deberes de<b> HYLIA EDITORES S.A.S. <\/b>como responsable del tratamiento de datos personales:<\/p>\n<ol>\n<li>a) Garantizar al titular, en todo tiempo, el pleno y efectivo ejercicio del derecho de habeas data.<\/li>\n<li>b) Solicitar al titular la autorizaci\u00f3n con el cumplimiento de los requisitos de ley, para su tratamiento.<\/li>\n<li>c) Conservar prueba de la autorizaci\u00f3n que ha otorgado el titular, para que sus datos sean tratados.<\/li>\n<li>d) Mantener la informaci\u00f3n bajo las condiciones de seguridad necesarias de acuerdo al tipo de datos personales que son tratados, para evitar el acceso de terceros no autorizados.<\/li>\n<li>e) Dar tr\u00e1mite a las consultas y reclamos formulados, dando respuesta dentro de los t\u00e9rminos legales.<\/li>\n<li>f) Informar a la autoridad de protecci\u00f3n de datos personales cuando se presenten violaciones a los c\u00f3digos de seguridad, accesos no autorizados y fraudulentos por parte de terceros, y la existencia de riesgos en la administraci\u00f3n de la informaci\u00f3n de los titulares.<\/li>\n<li>g) Dar cumplimiento a la presente pol\u00edtica.<\/li>\n<li>h) Dar cumplimiento a los principios generales de la protecci\u00f3n de datos personales.<\/li>\n<\/ol>\n<p>La presente pol\u00edtica estar\u00e1 visible en todo tiempo en la p\u00e1gina web de HYLIA EDITORES S.A.S., en la direcci\u00f3n https:\/\/hyliaeditores.com<\/p>\n<p><b>Art\u00edculo 10.<\/b> Consultas y reclamos relacionados con datos personales: El titular de los datos personales podr\u00e1 ejercer los derechos sobre los mismos mediante mecanismos de consultas y reclamos.<\/p>\n<p>El titular de los datos o sus causahabientes podr\u00e1n consultar la informaci\u00f3n personal que repose en las bases de datos de HYLIA EDITORES S.A.S. La consulta se formular\u00e1 al correo electr\u00f3nico hyliaeditores@gmail.com.<\/p>\n<p>La consulta ser\u00e1 atendida en un t\u00e9rmino m\u00e1ximo de diez (10) d\u00edas h\u00e1biles contados a partir de la fecha de recibo de la misma. Cuando no fuere posible atender la consulta dentro de dicho t\u00e9rmino, se informar\u00e1 al interesado, expresando los motivos de la demora y se\u00f1alando la fecha en que se atender\u00e1 su consulta, la cual en ning\u00fan caso podr\u00e1 superar los cinco (5) d\u00edas h\u00e1biles siguientes al vencimiento del primer t\u00e9rmino.<\/p>\n<p>El titular de los datos personales o sus causahabientes que consideren que la informaci\u00f3n contenida en las bases de datos de HYLIA EDITORES S.A.S. deba ser objeto de correcci\u00f3n, actualizaci\u00f3n o supresi\u00f3n, o cuando adviertan el presunto incumplimiento de cualquiera de los deberes contenidos en la normatividad aplicable, podr\u00e1n presentar un reclamo, el cual ser\u00e1 tramitado bajo las siguientes reglas:<\/p>\n<ol>\n<li>El reclamo se formular\u00e1 mediante solicitud dirigida al correo electr\u00f3nico <a href=\"mailto:hyliaeditores@gmail.com\">hyliaeditores@gmail.com<\/a>, aportando la identificaci\u00f3n del Titular, la descripci\u00f3n de los hechos que dan lugar al reclamo, la direcci\u00f3n, y acompa\u00f1ando los documentos que se quiera hacer valer. Si el reclamo resulta incompleto, se requerir\u00e1 al interesado dentro de los cinco (5) d\u00edas siguientes a la recepci\u00f3n del reclamo para que subsane las fallas. Transcurridos dos (2) meses desde la fecha del requerimiento, sin que el solicitante presente la informaci\u00f3n requerida, se entender\u00e1 que ha desistido del reclamo.<\/li>\n<li>Una vez recibido el reclamo completo, se incluir\u00e1 en la base de datos una leyenda que diga &#8220;reclamo en tr\u00e1mite&#8221; y el motivo del mismo, en un t\u00e9rmino no mayor a dos (2) d\u00edas h\u00e1biles. Dicha leyenda deber\u00e1 mantenerse hasta que el reclamo sea decidido.<\/li>\n<li>El t\u00e9rmino m\u00e1ximo para atender el reclamo ser\u00e1 de quince (15) d\u00edas h\u00e1biles contados a partir del d\u00eda siguiente a la fecha de su recibo. Cuando no fuere posible atender el reclamo dentro de dicho t\u00e9rmino, se informar\u00e1 al interesado los motivos de la demora y la fecha en que se atender\u00e1 su reclamo, la cual en ning\u00fan caso podr\u00e1 superar los ocho (8) d\u00edas h\u00e1biles siguientes al vencimiento del primer t\u00e9rmino.<\/li>\n<\/ol>\n<p>Los datos personales que reposen en las bases de datos de HYLIA EDITORES S.A.S. que sean objeto de consulta o reclamo solamente ser\u00e1n facilitados a su titular, sus causahabientes o representantes legales (siempre y cuando acrediten esta calidad), a las personas autorizadas por el titular de la informaci\u00f3n, y a las personas autorizadas por orden judicial o legal.<\/p>\n<p>Toda consulta o reclamo deber\u00e1 contener el nombre completo y n\u00famero de identificaci\u00f3n de su titular, sus datos de localizaci\u00f3n, una descripci\u00f3n de los hechos que dan lugar a la consulta o reclamo, adjuntar los documentos que quiera hacer valer como soporte a la consulta o al reclamo e indicar el medio por el cual desea recibir la respuesta (preferiblemente correo electr\u00f3nico). En caso de que quien solicite los datos no sea su titular, deber\u00e1 adjuntar poder especial o general o cualquier otro tipo de documentaci\u00f3n que sirva para verificar que est\u00e1 facultado para actuar en su nombre.<\/p>\n<p><b>Art\u00edculo 11.<\/b>&nbsp;Requisito de procedibilidad:<strong><em>&nbsp;<\/em><\/strong>El titular de los datos personales o causahabiente s\u00f3lo podr\u00e1 elevar queja ante la Superintendencia de Industria y Comercio una vez haya agotado el tr\u00e1mite de consulta o reclamo ante la editorial.<\/p>\n<p><b>Art\u00edculo 12.<\/b> Cualquier cambio o modificaci\u00f3n de esta pol\u00edtica ser\u00e1 comunicada a los titulares ser\u00e1 publicada en la p\u00e1gina web o en las instalaciones de HYLIA EDITORES S.A.S. en un t\u00e9rmino no inferior a diez (10) d\u00edas de anticipaci\u00f3n.<\/p>\n<p><b>Art\u00edculo 13.<\/b> Vigencia de las bases de datos: Las bases de datos que almacenen informaci\u00f3n de titulares que posean relaciones contractuales o deban permanecer por virtud de Ley, se mantendr\u00e1n vigentes hasta que finalice la necesidad del tratamiento. Lo anterior sin perjuicio del ejercicio del derecho de supresi\u00f3n que le asisten al titular.<\/p>\t\t\t\t\t\t\t\t<\/div>\n\t\t\t\t\t<\/div>\n\t\t\t\t<\/div>\n\t\t\t\t<\/div>\n\t\t","protected":false},"excerpt":{"rendered":"<p>POL\u00cdTICA DE TRATAMIENTO DE DATOS PERSONALES HYLIA EDITORES S.A.S. Art\u00edculo 1. Alcance: La Pol\u00edtica de Tratamiento de Informaci\u00f3n Personal se aplicar\u00e1 a todas las Bases de Datos y\/o Archivos que contengan datos personales y que sean objeto de tratamiento por parte de HYLIA EDITORES S.A.S., considerado como responsable y\/o Encargado del tratamiento de los datos [&hellip;]<\/p>\n","protected":false},"author":1,"featured_media":0,"parent":0,"menu_order":0,"comment_status":"closed","ping_status":"closed","template":"","meta":{"footnotes":""},"class_list":["post-8722","page","type-page","status-publish","hentry"],"_links":{"self":[{"href":"https:\/\/hyliaeditores.com\/index.php\/wp-json\/wp\/v2\/pages\/8722","targetHints":{"allow":["GET"]}}],"collection":[{"href":"https:\/\/hyliaeditores.com\/index.php\/wp-json\/wp\/v2\/pages"}],"about":[{"href":"https:\/\/hyliaeditores.com\/index.php\/wp-json\/wp\/v2\/types\/page"}],"author":[{"embeddable":true,"href":"https:\/\/hyliaeditores.com\/index.php\/wp-json\/wp\/v2\/users\/1"}],"replies":[{"embeddable":true,"href":"https:\/\/hyliaeditores.com\/index.php\/wp-json\/wp\/v2\/comments?post=8722"}],"version-history":[{"count":4,"href":"https:\/\/hyliaeditores.com\/index.php\/wp-json\/wp\/v2\/pages\/8722\/revisions"}],"predecessor-version":[{"id":8726,"href":"https:\/\/hyliaeditores.com\/index.php\/wp-json\/wp\/v2\/pages\/8722\/revisions\/8726"}],"wp:attachment":[{"href":"https:\/\/hyliaeditores.com\/index.php\/wp-json\/wp\/v2\/media?parent=8722"}],"curies":[{"name":"wp","href":"https:\/\/api.w.org\/{rel}","templated":true}]}}